{"id":1864,"date":"2019-03-09T23:00:39","date_gmt":"2019-03-09T23:00:39","guid":{"rendered":"https:\/\/asol.serendipity.at\/?page_id=1864"},"modified":"2023-02-08T13:01:35","modified_gmt":"2023-02-08T13:01:35","slug":"persoenlichkeitsbildung","status":"publish","type":"page","link":"https:\/\/asol.serendipity.at\/es\/persoenlichkeitsbildung\/","title":{"rendered":"Desarrollo de la personalidad"},"content":{"rendered":"<div class=\"mp-row-fluid motopress-row mpce-dsbl-margin-left mpce-dsbl-margin-right\">\n<div class=\"motopress-clmn mp-span12  mpce-dsbl-margin-left mpce-dsbl-margin-right\">\n<div class=\"mp-row-fluid motopress-row mpce-dsbl-margin-left mpce-dsbl-margin-right\">\n<div class=\"motopress-clmn mp-span12 mpce-dsbl-margin-left mpce-dsbl-margin-right\">\n<div class=\"motopress-text-obj\">\n<h1>Desarrollo de la personalidad<\/h1>\n<\/div>\n<\/div>\n<\/div>\n<div class=\"mp-row-fluid motopress-row mpce-dsbl-margin-left mpce-dsbl-margin-right\">\n<div class=\"motopress-clmn mp-span12 mpce-dsbl-margin-left mpce-dsbl-margin-right\">\n<div class=\"motopress-text-obj\">\n<p style=\"text-align: left;\">El objetivo de mejorar la situaci\u00f3n personal en la vida de los ni\u00f1os y j\u00f3venes requiere no s\u00f3lo la educaci\u00f3n escolar, sino tambi\u00e9n el desarrollo de la personalidad individual. Tomar decisiones independientes. Conocer la propia condici\u00f3n. Conocer los puntos fuertes y d\u00e9biles. Las preguntas \"\u00bfQui\u00e9n soy? \u00bfDe d\u00f3nde vengo? \u00bfQu\u00e9 valores son importantes para m\u00ed? Estar informado sobre los propios derechos y deberes. Resolver conflictos de forma constructiva. Todos estos aspectos contribuyen al desarrollo de la personalidad y son la base de una vida aut\u00f3noma y responsable.<\/p>\n<p>&nbsp;<\/p>\n<\/div>\n<\/div>\n<\/div>\n<div class=\"mp-row-fluid motopress-row mpce-dsbl-margin-left mpce-dsbl-margin-right\">\n<div class=\"motopress-clmn mp-span7 mpce-dsbl-margin-left mpce-dsbl-margin-right\">\n<div class=\"motopress-text-obj\">\n<p style=\"text-align: left;\">El apoyo psicol\u00f3gico en el curso del equipo de atenci\u00f3n multidisciplinar es una forma de apoyar a los ni\u00f1os y j\u00f3venes en el fortalecimiento de su naturaleza. Las sesiones tienen lugar una o dos veces al mes y duran entre 45 y 60 minutos. Se trabaja con los residentes tanto individual como colectivamente.<\/p>\n<p style=\"text-align: left;\">Para identificarse con el origen, la lengua y la cultura y vivirlo, se anima al equipo, as\u00ed como a los ni\u00f1os y j\u00f3venes, a llevar sus propios trajes. M\u00e1s de la mitad de los residentes son de ascendencia ind\u00edgena, con una lengua materna distinta del espa\u00f1ol. ASOL se preocupa mucho por reforzar la autoimagen de origen.<\/p>\n<\/div>\n<\/div>\n<div class=\"motopress-clmn mp-span5 mpce-dsbl-margin-left mpce-dsbl-margin-right\">\n<div class=\"motopress-image-obj motopress-text-align-left\"><img decoding=\"async\" src=\"https:\/\/asol.serendipity.at\/wp-content\/uploads\/2019\/03\/IMGL8802-1024x683.jpg\" title=\"IMGL8802\" alt=\"IMGL8802\" class=\"motopress-image-obj-basic mpce-dsbl-margin-left mpce-dsbl-margin-right mpce-dsbl-margin-top mpce-dsbl-margin-bottom\" \/><\/div>\n<\/div>\n<\/div>\n<\/div>\n<\/div>","protected":false},"excerpt":{"rendered":"Pers&ouml;nlichkeitsbildung Das Ziel, die pers&ouml;nliche Lebenssituation der Kinder &amp; Jugendlichen zu verbessern, erfordert [&hellip;]","protected":false},"author":4,"featured_media":0,"parent":0,"menu_order":0,"comment_status":"closed","ping_status":"closed","template":"","meta":{"footnotes":""},"class_list":["post-1864","page","type-page","status-publish","hentry"],"_links":{"self":[{"href":"https:\/\/asol.serendipity.at\/es\/wp-json\/wp\/v2\/pages\/1864","targetHints":{"allow":["GET"]}}],"collection":[{"href":"https:\/\/asol.serendipity.at\/es\/wp-json\/wp\/v2\/pages"}],"about":[{"href":"https:\/\/asol.serendipity.at\/es\/wp-json\/wp\/v2\/types\/page"}],"author":[{"embeddable":true,"href":"https:\/\/asol.serendipity.at\/es\/wp-json\/wp\/v2\/users\/4"}],"replies":[{"embeddable":true,"href":"https:\/\/asol.serendipity.at\/es\/wp-json\/wp\/v2\/comments?post=1864"}],"version-history":[{"count":11,"href":"https:\/\/asol.serendipity.at\/es\/wp-json\/wp\/v2\/pages\/1864\/revisions"}],"predecessor-version":[{"id":2049,"href":"https:\/\/asol.serendipity.at\/es\/wp-json\/wp\/v2\/pages\/1864\/revisions\/2049"}],"wp:attachment":[{"href":"https:\/\/asol.serendipity.at\/es\/wp-json\/wp\/v2\/media?parent=1864"}],"curies":[{"name":"wp","href":"https:\/\/api.w.org\/{rel}","templated":true}]}}