{"id":1740,"date":"2019-02-18T20:22:52","date_gmt":"2019-02-18T20:22:52","guid":{"rendered":"http:\/\/chea.serendipity.at\/?page_id=1740"},"modified":"2023-03-08T14:38:59","modified_gmt":"2023-03-08T14:38:59","slug":"volontariat","status":"publish","type":"page","link":"https:\/\/asol.serendipity.at\/es\/home\/volontariat\/","title":{"rendered":"Voluntariado"},"content":{"rendered":"<div class=\"mp-row-fluid motopress-row mpce-dsbl-margin-left mpce-dsbl-margin-right\">\n<div class=\"motopress-clmn mp-span12  mpce-dsbl-margin-left mpce-dsbl-margin-right\">\n<div class=\"mp-row-fluid motopress-row mpce-dsbl-margin-left mpce-dsbl-margin-right\">\n<div class=\"motopress-clmn mp-span12 mpce-dsbl-margin-left mpce-dsbl-margin-right\">\n<div class=\"motopress-text-obj\">\n<h1>Voluntariado<\/h1>\n<\/div>\n<\/div>\n<\/div>\n<div class=\"mp-row-fluid motopress-row mpce-dsbl-margin-left mpce-dsbl-margin-right\">\n<div class=\"motopress-clmn mp-span12 mpce-dsbl-margin-left mpce-dsbl-margin-right\">\n<div class=\"motopress-text-obj\">\n<p>\u00bfQuieres sumergirte en una cultura extranjera? \u00bfQuieres trabajar con j\u00f3venes guatemaltecos? \u00bfQuieres tener un impacto positivo en el mundo?<\/p>\n<p>Entonces tenemos lo que buscas: ASOL siempre est\u00e1 buscando voluntarios motivados o voluntarios en el extranjero. \u00bfHas terminado el bachillerato y a\u00fan no sabes d\u00f3nde quieres hacer tu servicio comunitario? \u00a1Perfecto! Un m\u00ednimo de 10 meses de servicio en el extranjero en ASOL tambi\u00e9n est\u00e1 reconocido como servicio civil alternativo en virtud de la Ley de Voluntariado austriaca. Para obtener informaci\u00f3n m\u00e1s detallada, visite el sitio web del <a class=\"\" href=\"http:\/\/auslandsdienst.at\/\">Servicio Austriaco en el Extranjero<\/a>. Los funcionarios en el extranjero a trav\u00e9s del Servicio Austriaco en el Extranjero tambi\u00e9n tienen derecho a una peque\u00f1a subvenci\u00f3n mensual, que debe cubrir los gastos cotidianos.<\/p>\n<p>Adem\u00e1s, existe la posibilidad de realizar un servicio de voluntariado independientemente del Servicio Austriaco en el Extranjero.<\/p>\n<\/div>\n<\/div>\n<\/div>\n<div class=\"mp-row-fluid motopress-row mpce-dsbl-margin-left mpce-dsbl-margin-right\">\n<div class=\"motopress-clmn mp-span8 mpce-dsbl-margin-left mpce-dsbl-margin-right\">\n<div class=\"motopress-text-obj\">\n<h3>Requisitos<\/h3>\n<p>En cualquier caso, un voluntario o un agente extranjero debe tener las siguientes cualificaciones:<\/p>\n<ul>\n<li>Voluntad de pasar al menos 6 meses (servicio voluntario) o al menos 10 meses (servicio en el extranjero) en Guatemala.<\/li>\n<li>Edad m\u00ednima de 18 a\u00f1os<\/li>\n<li>Conocimiento del idioma espa\u00f1ol<\/li>\n<li>Inter\u00e9s por trabajar con ni\u00f1os<\/li>\n<\/ul>\n<\/div>\n<\/div>\n<div class=\"motopress-clmn mp-span4 mpce-dsbl-margin-left mpce-dsbl-margin-right\">\n<div class=\"motopress-image-obj motopress-text-align-left\"><img decoding=\"async\" src=\"https:\/\/asol.serendipity.at\/wp-content\/uploads\/2023\/01\/Bearbeitet-4940-1024x683.jpg\" title=\"Bearbeitet-4940\" alt=\"Bearbeitet-4940\" class=\"motopress-image-obj-basic mpce-dsbl-margin-left mpce-dsbl-margin-right mpce-dsbl-margin-top mpce-dsbl-margin-bottom\" \/><\/div>\n<\/div>\n<\/div>\n<div class=\"mp-row-fluid motopress-row mpce-dsbl-margin-left mpce-dsbl-margin-right\">\n<div class=\"motopress-clmn mp-span4 mpce-dsbl-margin-left mpce-dsbl-margin-right\">\n<div class=\"motopress-image-obj motopress-text-align-left\"><img decoding=\"async\" src=\"https:\/\/asol.serendipity.at\/wp-content\/uploads\/2019\/03\/IMGL8636-1024x683.jpg\" title=\"IMGL8636\" alt=\"IMGL8636\" class=\"motopress-image-obj-basic mpce-dsbl-margin-left mpce-dsbl-margin-right mpce-dsbl-margin-top mpce-dsbl-margin-bottom\" \/><\/div>\n<\/div>\n<div class=\"motopress-clmn mp-span8 mpce-dsbl-margin-left mpce-dsbl-margin-right\">\n<div class=\"motopress-text-obj\">\n<h3>Tareas<\/h3>\n<p>La primera prioridad es cuidar de los ni\u00f1os y j\u00f3venes que viven en el hogar residencial y educativo ASOL. Especialmente importante es el apoyo en cuestiones escolares (preparaci\u00f3n de tareas escolares\/ex\u00e1menes, ayuda con los deberes). Tambi\u00e9n es tarea de los voluntarios velar por que se respeten las normas de la casa y los horarios de estudio, comidas y sue\u00f1o. En principio, hay un programa de ocio semanal, pero las ideas creativas y el compromiso personal son siempre bienvenidos. <br \/> Dado que los ni\u00f1os y j\u00f3venes est\u00e1n en el hogar residencial y educativo todo el tiempo, excepto durante las vacaciones, es importante tener en cuenta que todas las tareas mencionadas anteriormente, naturalmente, tambi\u00e9n tienen que hacerse los fines de semana. Sin embargo, un horario de trabajo bien organizado y acordado con la direcci\u00f3n ayuda a disfrutar regularmente de los fines de semana libres y a ver algo del hermoso pa\u00eds Guatemala.<\/p>\n<\/div>\n<\/div>\n<\/div>\n<\/div>\n<\/div>\n<div class=\"mp-row-fluid motopress-row mpce-dsbl-margin-left mpce-dsbl-margin-right\">\n<div class=\"motopress-clmn mp-span12  mpce-dsbl-margin-left mpce-dsbl-margin-right\">\n<div class=\"motopress-text-obj\">\n<p style=\"text-align: center;\"><strong>Si est\u00e1 interesado, p\u00f3ngase en contacto con nosotros.<\/strong><\/p>\n<\/div>\n<\/div>\n<\/div>\n<div class=\"mp-row-fluid motopress-row mpce-dsbl-margin-left mpce-dsbl-margin-right\">\n<div class=\"motopress-clmn mp-span12  mpce-dsbl-margin-left mpce-dsbl-margin-right\">\n<div class=\"motopress-button-obj motopress-text-align-center\"><a href=\"https:\/\/asol.serendipity.at\/es\/kontakt\/\" target=\"_blank\" class=\"motopress-btn mp-theme-button-brand motopress-btn-size-middle motopress-btn-rounded motopress-btn-icon-indent-middle\"><i class=\"fa fa-address-book-o motopress-btn-icon-align-left\"><\/i>Contacto<\/a><\/div>\n<\/div>\n<\/div>","protected":false},"excerpt":{"rendered":"Volontariat Du willst in eine fremde Kultur eintauchen? Du willst mit guatemaltekischen Jugendlichen [&hellip;]","protected":false},"author":2,"featured_media":0,"parent":1387,"menu_order":0,"comment_status":"closed","ping_status":"closed","template":"","meta":{"footnotes":""},"class_list":["post-1740","page","type-page","status-publish","hentry"],"_links":{"self":[{"href":"https:\/\/asol.serendipity.at\/es\/wp-json\/wp\/v2\/pages\/1740","targetHints":{"allow":["GET"]}}],"collection":[{"href":"https:\/\/asol.serendipity.at\/es\/wp-json\/wp\/v2\/pages"}],"about":[{"href":"https:\/\/asol.serendipity.at\/es\/wp-json\/wp\/v2\/types\/page"}],"author":[{"embeddable":true,"href":"https:\/\/asol.serendipity.at\/es\/wp-json\/wp\/v2\/users\/2"}],"replies":[{"embeddable":true,"href":"https:\/\/asol.serendipity.at\/es\/wp-json\/wp\/v2\/comments?post=1740"}],"version-history":[{"count":20,"href":"https:\/\/asol.serendipity.at\/es\/wp-json\/wp\/v2\/pages\/1740\/revisions"}],"predecessor-version":[{"id":2061,"href":"https:\/\/asol.serendipity.at\/es\/wp-json\/wp\/v2\/pages\/1740\/revisions\/2061"}],"up":[{"embeddable":true,"href":"https:\/\/asol.serendipity.at\/es\/wp-json\/wp\/v2\/pages\/1387"}],"wp:attachment":[{"href":"https:\/\/asol.serendipity.at\/es\/wp-json\/wp\/v2\/media?parent=1740"}],"curies":[{"name":"wp","href":"https:\/\/api.w.org\/{rel}","templated":true}]}}