{"id":1733,"date":"2019-03-04T20:17:05","date_gmt":"2019-03-04T20:17:05","guid":{"rendered":"http:\/\/chea.serendipity.at\/?page_id=1733"},"modified":"2023-03-09T17:54:29","modified_gmt":"2023-03-09T17:54:29","slug":"bildung","status":"publish","type":"page","link":"https:\/\/asol.serendipity.at\/es\/bildung\/","title":{"rendered":"Educaci\u00f3n"},"content":{"rendered":"<div class=\"mp-row-fluid motopress-row mpce-dsbl-margin-left mpce-dsbl-margin-right\">\n<div class=\"motopress-clmn mp-span12  mpce-dsbl-margin-left mpce-dsbl-margin-right\">\n<div class=\"mp-row-fluid motopress-row mpce-dsbl-margin-left mpce-dsbl-margin-right\">\n<div class=\"motopress-clmn mp-span12 mpce-dsbl-margin-left mpce-dsbl-margin-right\">\n<div class=\"motopress-text-obj\">\n<h1>Educaci\u00f3n<\/h1>\n<\/div>\n<\/div>\n<\/div>\n<div class=\"mp-row-fluid motopress-row mpce-dsbl-margin-left mpce-dsbl-margin-right\">\n<div class=\"motopress-clmn mp-span12 mpce-dsbl-margin-left mpce-dsbl-margin-right\">\n<div class=\"motopress-text-obj\">\n<p>Hacemos posible que los j\u00f3venes que viven con nosotros reciban una educaci\u00f3n de calidad superior a la media en diferentes escuelas. Siempre atendemos a los deseos individuales de los j\u00f3venes, porque en Guatemala, como en Austria, hay diferentes tipos de escuelas con diferentes enfoques.<\/p>\n<p>Actualmente, los j\u00f3venes se reparten entre las siguientes instituciones educativas:<\/p>\n<ul>\n<li><strong>Centro Educativo T&eacute;cnico Laboral KINAL<\/strong> \u2013 Escuela secundaria con orientaci\u00f3n t\u00e9cnica<\/li>\n<li><strong>Colegio Biling&uuml;e Lourdes<\/strong> \u2013 Escuela secundaria privada<\/li>\n<li><strong>Colegio Liceo Centroamericano<\/strong> \u2013 Escuela secundaria privada<\/li>\n<li><strong>Colegio Valverde<\/strong> \u2013 Escuela secundaria con orientaci\u00f3n t\u00e9cnica<\/li>\n<li><strong>Colegio Santa Teresa<\/strong> \u2013 Escuela p\u00fablica cat\u00f3lica especializada en ciencias naturales<\/li>\n<li><strong>INDICOOP Santa Rosita<\/strong> \u2013 Secundaria con orientaci\u00f3n comercial<\/li>\n<\/ul>\n<\/div>\n<\/div>\n<\/div>\n<\/div>\n<\/div>\n<div class=\"mp-row-fluid motopress-row mpce-dsbl-margin-left mpce-dsbl-margin-right\">\n<div class=\"motopress-clmn mp-span6  mpce-dsbl-margin-left mpce-dsbl-margin-right\">\n<div class=\"mp-row-fluid motopress-row mpce-dsbl-margin-left mpce-dsbl-margin-right\">\n<div class=\"motopress-clmn mp-span12 mpce-dsbl-margin-left mpce-dsbl-margin-right\">\n<div class=\"motopress-image-obj motopress-text-align-left\"><img decoding=\"async\" src=\"https:\/\/asol.serendipity.at\/wp-content\/uploads\/2023\/03\/IMGL8555-optimized-1024x683.jpg\" title=\"Lernen in ASOL\" alt=\"Lernen in ASOL\" class=\"motopress-image-obj-basic mpce-dsbl-margin-left mpce-dsbl-margin-right mpce-dsbl-margin-top mpce-dsbl-margin-bottom\" \/><\/div>\n<\/div>\n<\/div>\n<\/div>\n<div class=\"motopress-clmn mp-span6  mpce-dsbl-margin-left mpce-dsbl-margin-right\">\n<div class=\"motopress-text-obj\">\n<p>Para garantizar un trayecto seguro a la escuela, acompa\u00f1amos todos los d\u00edas, sin excepci\u00f3n, a todos los j\u00f3venes menores de edad que van a pie (parte del trayecto) a la escuela o al autob\u00fas. Por las tardes, a partir de las 16.30 horas, una tutora y siempre al menos un voluntario o un supervisor est\u00e1n disponibles en ASOL para apoyar a los alumnos con sus estudios o deberes.<\/p>\n<p>Adem\u00e1s, hay clases extra de ingl\u00e9s dirigidas por los voluntarios, as\u00ed como tutor\u00edas profesionales de matem\u00e1ticas y f\u00edsica una vez a la semana.<\/p>\n<\/div>\n<\/div>\n<\/div>","protected":false},"excerpt":{"rendered":"Bildung Wir erm&ouml;glichen den Jugendlichen die bei uns wohnen eine &uuml;berdurchschnittlich qualitative Ausbildung [&hellip;]","protected":false},"author":2,"featured_media":0,"parent":0,"menu_order":0,"comment_status":"closed","ping_status":"closed","template":"","meta":{"footnotes":""},"class_list":["post-1733","page","type-page","status-publish","hentry"],"_links":{"self":[{"href":"https:\/\/asol.serendipity.at\/es\/wp-json\/wp\/v2\/pages\/1733","targetHints":{"allow":["GET"]}}],"collection":[{"href":"https:\/\/asol.serendipity.at\/es\/wp-json\/wp\/v2\/pages"}],"about":[{"href":"https:\/\/asol.serendipity.at\/es\/wp-json\/wp\/v2\/types\/page"}],"author":[{"embeddable":true,"href":"https:\/\/asol.serendipity.at\/es\/wp-json\/wp\/v2\/users\/2"}],"replies":[{"embeddable":true,"href":"https:\/\/asol.serendipity.at\/es\/wp-json\/wp\/v2\/comments?post=1733"}],"version-history":[{"count":19,"href":"https:\/\/asol.serendipity.at\/es\/wp-json\/wp\/v2\/pages\/1733\/revisions"}],"predecessor-version":[{"id":2098,"href":"https:\/\/asol.serendipity.at\/es\/wp-json\/wp\/v2\/pages\/1733\/revisions\/2098"}],"wp:attachment":[{"href":"https:\/\/asol.serendipity.at\/es\/wp-json\/wp\/v2\/media?parent=1733"}],"curies":[{"name":"wp","href":"https:\/\/api.w.org\/{rel}","templated":true}]}}