{"id":1418,"date":"2017-10-04T01:33:46","date_gmt":"2017-10-04T01:33:46","guid":{"rendered":"http:\/\/chea.serendipity.at\/?page_id=1418"},"modified":"2023-01-24T16:09:52","modified_gmt":"2023-01-24T16:09:52","slug":"bewerbung","status":"publish","type":"page","link":"https:\/\/asol.serendipity.at\/es\/home\/bewerbung\/","title":{"rendered":"BEWERBUNG"},"content":{"rendered":"<p>Falls Du Interesse hast in der Casa Hogar Estudiantil ASOL in der Hauptstadt Guatemalas als Volont\u00e4r oder Volont\u00e4rin mitzuarbeiten und auch die notwendigen\u00a0<a href=\"http:\/\/www.casaasol.net\/?q=de\/voraussetzungen\">Requisitos<\/a>\u00a0mitbringst, so ist der erste Schritt die Bewerbung (siehe unten) via email:\u00a0<a href=\"mailto:info@casaasol.net\">info@casaasol.net<\/a>. Nach Durchsicht Deiner gesandten Bewerbungsunterlagen werden wir ein pers\u00f6nliches Gespr\u00e4ch vereinbaren. Dabei bekommst Du von uns Informationen und Erfahrungsberichte aus unseren eigenen freiwilligen T\u00e4tigkeiten im Projekt. Im Falle weiter bestehenden Interesses Deinerseits werden Deine Unterlagen an die Direktion und an die Junta Directiva der Casa Hogar Estudiantil ASOL nach Guatemala gesandt. Diese beiden Gremien sind es, die dar\u00fcber entscheiden, ob Du vor Ort in der Casa mitarbeiten wirst.<\/p>\n<p>Punkte, die Deinerseits f\u00fcr eine positive Bewerbung im Vorfeld zu bedenken sind:<\/p>\n<ul>\n<li><strong>Bin ich bereit, mindestens ca. sechs Monate in einem fremden Land und in bzw. mit einer anderen Kultur zu leben?<\/strong><\/li>\n<li><strong>Bin ich bereit mit Kindern und Jugendlichen \u00fcber einen derartigen Zeitraum hinweg gemeinsam unter einem Dach zu leben?<\/strong><\/li>\n<li><strong>Bin ich bereit und finanziell darauf vorbereitet, dass ich An- und Abreise sowie Kosten f\u00fcr Versicherungen, Impfungen etc. selbst \u00fcbernehmen muss?<\/strong><\/li>\n<li><strong>Bin ich bereit f\u00fcr meinen Einsatz und mein Handeln vor Ort Eigenverantwortung zu \u00fcbernehmen?<\/strong><\/li>\n<li><strong>Besitze ich Kenntnisse der spanischen Sprache?<\/strong><\/li>\n<\/ul>\n<p>Solltest Du diese, f\u00fcr eine Volontariatst\u00e4tigkeit in der Casa Hogar zentralen Punkte mit \u201eJa\u201c beantworten k\u00f6nnen, so w\u00fcrden wir uns sehr dar\u00fcber freuen Deine Bewerbung via email zu empfangen.<\/p>\n<p>Eine vollst\u00e4ndige Bewerbung beinhaltet:<\/p>\n<ul>\n<li><strong>un breve curriculum vitae en espa\u00f1ol<\/strong><\/li>\n<li><strong>ein kurzes Motivationsschreiben (Weshalb m\u00f6chte ich einen derartigen Einsatz machen?) auf Spanisch<\/strong><\/li>\n<li><strong>Angabe einer m\u00f6glichen Einsatzdauer (Von wann bis wann kann ich vor Ort mitarbeiten?)<\/strong><\/li>\n<\/ul>\n<p>Bitte schicke Deine Bewerbung an:\u00a0<a href=\"mailto:info@casaasol.net\">info@casaasol.net<\/a>. F\u00fcr Fragen steht Dir unser freiwilliger Mitarbeiter, Herr Mag. Reinhard Schmidbauer, gerne unter (+43)699\/12517245 zur Verf\u00fcgung.<\/p>","protected":false},"excerpt":{"rendered":"Falls Du Interesse hast in der Casa Hogar Estudiantil ASOL in der Hauptstadt [&hellip;]","protected":false},"author":2,"featured_media":0,"parent":1387,"menu_order":0,"comment_status":"closed","ping_status":"closed","template":"template-front-page.php","meta":{"footnotes":""},"class_list":["post-1418","page","type-page","status-publish","hentry"],"_links":{"self":[{"href":"https:\/\/asol.serendipity.at\/es\/wp-json\/wp\/v2\/pages\/1418","targetHints":{"allow":["GET"]}}],"collection":[{"href":"https:\/\/asol.serendipity.at\/es\/wp-json\/wp\/v2\/pages"}],"about":[{"href":"https:\/\/asol.serendipity.at\/es\/wp-json\/wp\/v2\/types\/page"}],"author":[{"embeddable":true,"href":"https:\/\/asol.serendipity.at\/es\/wp-json\/wp\/v2\/users\/2"}],"replies":[{"embeddable":true,"href":"https:\/\/asol.serendipity.at\/es\/wp-json\/wp\/v2\/comments?post=1418"}],"version-history":[{"count":2,"href":"https:\/\/asol.serendipity.at\/es\/wp-json\/wp\/v2\/pages\/1418\/revisions"}],"predecessor-version":[{"id":1961,"href":"https:\/\/asol.serendipity.at\/es\/wp-json\/wp\/v2\/pages\/1418\/revisions\/1961"}],"up":[{"embeddable":true,"href":"https:\/\/asol.serendipity.at\/es\/wp-json\/wp\/v2\/pages\/1387"}],"wp:attachment":[{"href":"https:\/\/asol.serendipity.at\/es\/wp-json\/wp\/v2\/media?parent=1418"}],"curies":[{"name":"wp","href":"https:\/\/api.w.org\/{rel}","templated":true}]}}