{"id":1400,"date":"2017-10-03T21:58:14","date_gmt":"2017-10-03T21:58:14","guid":{"rendered":"http:\/\/chea.serendipity.at\/?page_id=1400"},"modified":"2023-01-26T19:23:29","modified_gmt":"2023-01-26T19:23:29","slug":"finanzierung","status":"publish","type":"page","link":"https:\/\/asol.serendipity.at\/es\/home\/finanzierung\/","title":{"rendered":"Financiaci\u00f3n"},"content":{"rendered":"<div class=\"mp-row-fluid motopress-row mpce-dsbl-margin-left mpce-dsbl-margin-right\">\n\n<div class=\"motopress-clmn mp-span12  mpce-dsbl-margin-left mpce-dsbl-margin-right\">\n\n<div class=\"mp-row-fluid motopress-row mpce-dsbl-margin-left mpce-dsbl-margin-right\">\n\n<div class=\"motopress-clmn mp-span12 mpce-dsbl-margin-left mpce-dsbl-margin-right\">\n\n<p><\/p>\n<p><\/p>\n<p><\/p>\n<h1>H\u00e1gase padrino o padrina<\/h1>\n<p>Trabajamos cada d\u00eda para ofrecer a los j\u00f3venes un hogar seguro y buenas perspectivas de futuro. Solo podemos hacerlo con su apoyo.<\/p>\n<h3>Beca interna<\/h3>\n<p>18 j\u00f3venes procedentes de situaciones de peligro y violencia encuentran un hogar seguro sin violencia ni amenazas en la Casa ASOL de la zona16 de Ciudad de Guatemala. Financiamos los siguientes servicios para los j\u00f3venes con becas internas:<\/p>\n<ul>\n<li>Alojamiento en habitaciones individuales o compartidas<\/li>\n<li>Atenci\u00f3n las 24 horas del d\u00eda<\/li>\n<li>Tres comidas calientes y dos refacci\u00f3nes al d\u00eda<\/li>\n<li>Tasas escolares para colegios de calidad<\/li>\n<li>Material did\u00e1ctico y uniformes escolares<\/li>\n<li>Supervisi\u00f3n pedag\u00f3gica y apoyo al aprendizaje por parte de voluntarios y tutores profesionales<\/li>\n<li>Apoyo psicol\u00f3gico y trabajo social<\/li>\n<li>Tratamientos m\u00e9dicos<\/li>\n<li>Programa de Ocio<\/li>\n<li>Gastos de transporte<\/li>\n<\/ul>\n<p>Por tanto, los costes de una beca completa ascienden internamente a 300\u20ac al mes, pero una beca parcial puede asumirse a partir de un pago mensual de 25\u20ac.<\/p>\n<h3>Beca externa<\/h3>\n<p>Adem\u00e1s, recientemente hemos empezado a apoyar a j\u00f3venes procedentes de situaciones de extrema pobreza en sus comunidades de origen proporcion\u00e1ndoles educaci\u00f3n en sitio. Ofrecemos los siguientes servicios a los j\u00f3venes de las becas externas:<\/p>\n<ul>\n<li>Gastos de escolaridad en los colegios locales<\/li>\n<li>Gastos de transporte<\/li>\n<li>Material did\u00e1ctico y uniformes escolares<\/li>\n<\/ul>\n<p>Los costes de una beca completa externa ascienden a 100\u20ac al mes, a partir de 25\u20ac al mes se puede asumir una beca parcial.\u00a0<\/p>\n<h1>Donaci\u00f3n \u00fanica<\/h1>\n<p>Por supuesto, siempre existe la posibilidad de hacer una donaci\u00f3n puntual; hay una necesidad urgente de donaciones en una amplia gama de \u00e1reas, desde infraestructuras a actividades de ocio. Encontrar\u00e1 informaci\u00f3n m\u00e1s detallada en nuestra cartera de donaciones.<\/p>\n<p>\u00a0<\/p>\n<p><\/p>\n\n<\/div>\n\n<\/div>\n\n<\/div>\n\n<\/div>\n\n<div class=\"mp-row-fluid motopress-row mpce-dsbl-margin-left mpce-dsbl-margin-right\">\n\n<div class=\"motopress-clmn mp-span12  mpce-dsbl-margin-left mpce-dsbl-margin-right\">\n\n<div class=\"mp-row-fluid motopress-row mpce-dsbl-margin-left mpce-dsbl-margin-right\">\n\n<div class=\"motopress-clmn mp-span12 mpce-dsbl-margin-left mpce-dsbl-margin-right\">\n\n<div class=\"motopress-download-button-obj  motopress-text-align-center\" ><a href=\"https:\/\/asol.serendipity.at\/wp-content\/uploads\/2023\/01\/Spendenportfolio.pdf\" class=\"motopress-btn mp-theme-button-brand motopress-btn-size-middle motopress-btn-rounded motopress-btn-icon-indent-middle\"  download=\"Spendenportfolio.pdf\" ><i class=\"fa fa-download motopress-btn-icon-align-left\"><\/i>Cartera de donaciones<\/a><\/div>\n\n<\/div>\n\n<\/div>\n\n<\/div>\n\n<\/div>\n\n<div class=\"mp-row-fluid motopress-row mpce-dsbl-margin-left mpce-dsbl-margin-right\">\n\n<div class=\"motopress-clmn mp-span12  mpce-dsbl-margin-left mpce-dsbl-margin-right\">\n\n<div class=\"motopress-text-obj\">\n\n<h1>Promoci\u00f3nes y donaciones a asociaciones<\/h1><p>Muchas gracias a SoL Steiermark, gobierno departamental de Estiria, Fundaci\u00f3n Yarol Le\u00f3n, CSR ERBER Group, Horizont 3000 y BK becas Fundaci\u00f3n por su apoyo a lo largo de los a\u00f1os.<\/p><p>&nbsp;<\/p>\n\n<\/div>\n\n<\/div>\n\n<\/div>\n\n<div class=\"mp-row-fluid motopress-row mpce-dsbl-margin-left mpce-dsbl-margin-right\">\n\n<div class=\"motopress-clmn mp-span12  mpce-dsbl-margin-left mpce-dsbl-margin-right\">\n\n<div class=\"motopress-cta-obj  motopress-cta-obj-basic  style-brand\"><div class=\"motopress-cta motopress-cta-shape-rounded motopress-cta-style-brand motopress-need-animate motopress-cta-icon-left motopress-cta-icon-aside\" style=\" width: 80%;\" data-animation=\"left-to-right\"><div class=\"motopress-cta-icon-section\"><i class=\"fa fa-caret-right mp-theme-icon-white\" style=\"font-size: 46px;\" data-animation=\"left-to-right\"><\/i><\/div><div class=\"motopress-cta-content-container motopress-cta-button-right motopress-cta-button-aside\"><div class=\"motopress-cta-content-section motopress-text-align-left\"><header class=\"motopress-cta-content-header\"><h2 class=\"motopress-cta-content-heading\">\u00bfQuiere ayudar?<\/h2><h4 class=\"motopress-cta-content-subheading\">\u00a1Es muy f\u00e1cil!<\/h4><\/header><p class=\"motopress-cta-content-text\">\u00bfHemos despertado su inter\u00e9s por el apadrinamiento, o quiere apoyar a los ni\u00f1os de alguna otra manera? Simplemente p\u00f3ngase en contacto con nosotros.<\/p>\n<p>Los datos bancarios para las donaciones son:<\/p>\n<p class=\"translation-block\">Solidarit\u00e4t mit Lateinamerika-CHE <br>\nRaiffeisenbank Graz-St. Peter <br>\nN\u00famero de cuenta: 50.9513; C\u00f3digo bancario: 38367<br>\nIBAN: AT59 3836 7000 0050 9513 BIC: RZSTAT2G367<br>\nReferencia de pago: \u201eCasa Hogar Estudiantil\u201c<\/p>\n<p>Su donaci\u00f3n es deducible de impuestos.<\/p>\n<\/p><\/div><div class=\"motopress-button-wrap motopress-text-align-center\"><a target=\"_blank\" href=\"https:\/\/chea.serendipity.at\/mailto-infocasaasol-net\/\" class=\"motopress-btn motopress-btn-size-large motopress-btn-icon-indent-small motopress-btn-round mp-theme-button-white\" data-animation=\"right-to-left\" ><i class=\"fa fa-address-book-o motopress-btn-icon-align-left\"><\/i>Contacto<\/a><\/div><\/div><\/div><\/div>\n\n<\/div>\n\n<\/div>","protected":false},"excerpt":{"rendered":"Pate werden Wir arbeiten jeden Tag daran, den Jugendlichen ein sicheres zu Hause [&hellip;]","protected":false},"author":2,"featured_media":0,"parent":1387,"menu_order":0,"comment_status":"open","ping_status":"closed","template":"","meta":{"footnotes":""},"class_list":["post-1400","page","type-page","status-publish","hentry"],"_links":{"self":[{"href":"https:\/\/asol.serendipity.at\/es\/wp-json\/wp\/v2\/pages\/1400","targetHints":{"allow":["GET"]}}],"collection":[{"href":"https:\/\/asol.serendipity.at\/es\/wp-json\/wp\/v2\/pages"}],"about":[{"href":"https:\/\/asol.serendipity.at\/es\/wp-json\/wp\/v2\/types\/page"}],"author":[{"embeddable":true,"href":"https:\/\/asol.serendipity.at\/es\/wp-json\/wp\/v2\/users\/2"}],"replies":[{"embeddable":true,"href":"https:\/\/asol.serendipity.at\/es\/wp-json\/wp\/v2\/comments?post=1400"}],"version-history":[{"count":27,"href":"https:\/\/asol.serendipity.at\/es\/wp-json\/wp\/v2\/pages\/1400\/revisions"}],"predecessor-version":[{"id":2035,"href":"https:\/\/asol.serendipity.at\/es\/wp-json\/wp\/v2\/pages\/1400\/revisions\/2035"}],"up":[{"embeddable":true,"href":"https:\/\/asol.serendipity.at\/es\/wp-json\/wp\/v2\/pages\/1387"}],"wp:attachment":[{"href":"https:\/\/asol.serendipity.at\/es\/wp-json\/wp\/v2\/media?parent=1400"}],"curies":[{"name":"wp","href":"https:\/\/api.w.org\/{rel}","templated":true}]}}