{"id":1397,"date":"2017-10-03T21:56:23","date_gmt":"2017-10-03T21:56:23","guid":{"rendered":"http:\/\/chea.serendipity.at\/?page_id=1397"},"modified":"2023-02-08T13:03:37","modified_gmt":"2023-02-08T13:03:37","slug":"geschichte","status":"publish","type":"page","link":"https:\/\/asol.serendipity.at\/es\/home\/geschichte\/","title":{"rendered":"Historia"},"content":{"rendered":"<div class=\"mp-row-fluid motopress-row mpce-dsbl-margin-left mpce-dsbl-margin-right\">\n<div class=\"motopress-clmn mp-span12  mpce-dsbl-margin-left mpce-dsbl-margin-right\">\n<div class=\"motopress-text-obj\">\n<h1 style=\"text-align: center;\">Historia de la Casa Estudiantil ASOL<\/h1>\n<\/div>\n<\/div>\n<\/div>\n<div class=\"mp-row-fluid motopress-row mpce-dsbl-margin-left mpce-dsbl-margin-right\">\n<div class=\"motopress-clmn mp-span6  mpce-dsbl-margin-left mpce-dsbl-margin-right\">\n<div class=\"motopress-image-obj motopress-text-align-left\"><img decoding=\"async\" src=\"https:\/\/asol.serendipity.at\/wp-content\/uploads\/2018\/01\/Don-Marco-Enkel-e1515887554394.jpg\" title=\"Marco Roca und sein Enkel\" alt=\"Marco Roca und sein Enkel\" class=\"motopress-image-obj-basic mpce-dsbl-margin-left mpce-dsbl-margin-right mpce-dsbl-margin-top mpce-dsbl-margin-bottom\" \/><\/div>\n<\/div>\n<div class=\"motopress-clmn mp-span6  mpce-dsbl-margin-left mpce-dsbl-margin-right\">\n<div class=\"mp-row-fluid motopress-row mpce-dsbl-margin-left mpce-dsbl-margin-right\">\n<div class=\"motopress-clmn mp-span12 mpce-dsbl-margin-left mpce-dsbl-margin-right\">\n<div class=\"motopress-image-obj motopress-text-align-left\"><img decoding=\"async\" src=\"https:\/\/asol.serendipity.at\/wp-content\/uploads\/2023\/01\/werner-roemich.jpg\" title=\"Werner R\u00f6mich\" alt=\"Werner R\u00f6mich\" class=\"motopress-image-obj-basic mpce-dsbl-margin-left mpce-dsbl-margin-right mpce-dsbl-margin-top mpce-dsbl-margin-bottom\" \/><\/div>\n<\/div>\n<\/div>\n<\/div>\n<\/div>\n<div class=\"mp-row-fluid motopress-row mpce-dsbl-margin-left mpce-dsbl-margin-right\">\n<div class=\"motopress-clmn mp-span12  mpce-dsbl-margin-left mpce-dsbl-margin-right\">\n<div class=\"mp-row-fluid motopress-row mpce-dsbl-margin-left mpce-dsbl-margin-right\">\n<div class=\"motopress-clmn mp-span12 mpce-dsbl-margin-left mpce-dsbl-margin-right\">\n<div class=\"motopress-text-obj\">\n<h2 style=\"text-align: center;\">El Inicio<\/h2>\n<p>La Casa Estudiantil ASOL fue fundado en 1989 por el profesor ya jubilado y austriaco <strong>Werner R&ouml;mich<\/strong> y el guatemalteco, fundador y ex director del Colegio Viena Guatemalteco, <strong>Marco Roca<\/strong>, y con la ayuda de recursos financieros proporcionados por organizaciones austriacas como Solidaridad con Am\u00e9rica Latina (<a tabindex=\"-1\" href=\"https:\/\/www.sol-steiermark.org\/\" target=\"_blank\" rel=\"noopener\">SOL<\/a>) Estiria, SOL Alta Austria, SOL Viena, las provincias de Alta Austria, Estiria, Tirol y otros financiadores. En los primeros a\u00f1os, los gastos se sufragaron exclusivamente con donativos del extranjero y de Austria; no fue hasta finales de 1997 cuando siguieron los patrocinadores de Austria, que desde entonces sufragan los gastos mensuales por ni\u00f1o.<\/p>\n<p>En 1990, la Casa Estudiantil ASOL abri\u00f3 sus puertas en una antigua casa de la zona 1 de la Ciudad de Guatemala y alberg\u00f3 a siete ni\u00f1os, todos los cuales asistieron becados al Colegio Viena. En 1992 se fund\u00f3 la Asociaci\u00f3n Solidaridad para la Educaci\u00f3n y la Cultura - ASOL, sociedad guatemalteca con personalidad jur\u00eddica, que sigue siendo hoy en d\u00eda la entidad ejecutora del proyecto de la Casa Estudiantil ASOL. En los dos a\u00f1os siguientes, el proyecto creci\u00f3. El traslado a la Zona 16 fue la consecuencia l\u00f3gica, no s\u00f3lo por razones de espacio, sino tambi\u00e9n por su proximidad al Colegio Viena. Tras la construcci\u00f3n del nuevo edificio, la propiedad sigui\u00f3 desarroll\u00e1ndose. Se excav\u00f3 un pozo in situ y se suministr\u00f3 electricidad a la Casa. Tambi\u00e9n se construy\u00f3 un campo deportivo de hormig\u00f3n, que se utiliza como cancha de baloncesto, f\u00fatbol y voleibol, con subvenciones de la Canciller\u00eda Federal austriaca (Secci\u00f3n de Deportes) y del Ministerio Federal de Defensa austriaco. Otro hito en la historia de las instalaciones fue la puesta en servicio del sistema solar donado por el Ministerio Federal de Educaci\u00f3n, Artes y Deporte (BMUKS) en 1997. Desde entonces, el hogar residencial y educativo ASOL dispone de agua caliente.<\/p>\n<p>En 2009 se llev\u00f3 a cabo una importante ampliaci\u00f3n, al a\u00f1adirse una segunda planta al edificio, que antes era de una sola planta, con el apoyo financiero del gobierno provincial de Estiria. De este modo, se dio cabida al creciente n\u00famero de ni\u00f1os y se cre\u00f3 espacio para unos 30 ni\u00f1os y adolescentes.<\/p>\n<\/div>\n<\/div>\n<\/div>\n<\/div>\n<\/div>\n<div class=\"mp-row-fluid motopress-row mpce-dsbl-margin-left mpce-dsbl-margin-right\">\n<div class=\"motopress-clmn mp-span12  mpce-dsbl-margin-left mpce-dsbl-margin-right\">\n<div class=\"mp-row-fluid motopress-row mpce-dsbl-margin-left mpce-dsbl-margin-right\">\n<div class=\"motopress-clmn mp-span12 mpce-dsbl-margin-left mpce-dsbl-margin-right\">\n<div class=\"motopress-text-obj\">\n<h2 style=\"text-align: center;\">Gesti\u00f3n y cooperaci\u00f3n<\/h2>\n<p>Desde su fundaci\u00f3n en 1989, la Casa Estudiantil ASOL fue dirigido por Marco Roca hasta 2005. Posteriormente, esta funci\u00f3n fue desempe\u00f1ada por el Prof. Jorge Efra\u00edn P\u00e9rez, y desde enero de 2012 por su esposa, Martha Rosales de P\u00e9rez. Desde 2018, la funci\u00f3n de director la desempe\u00f1a la Licda. Milvia Almaraz ha ocupado el cargo de directora. Tambi\u00e9n desde el inicio de la historia de la Casa Estudiantil ASOL, la direcci\u00f3n ha estado subordinada a la Junta Directiva (\u00f3rgano de vigilancia), que marca el rumbo estrat\u00e9gico de ASOL. Desde 1995, la direcci\u00f3n cuenta con el apoyo de voluntarios en la ejecuci\u00f3n operativa, es decir, en el cuidado diario de los ni\u00f1os y j\u00f3venes. Al principio, estos voluntarios eran j\u00f3venes alemanes que realizaban su servicio civil alternativo en el extranjero. Desde finales de los a\u00f1os noventa, ASOL coopera con la Asociaci\u00f3n Austriaca del Servicio Exterior, que env\u00eda cada a\u00f1o un voluntario civil austriaco a la Casa Estudiantil ASOL. El equipo de voluntarios suele estar formado por entre una y cuatro personas.<\/p>\n<h2 style=\"text-align: center;\">Graduados<\/h2>\n<p>ASOL cuenta ya con m\u00e1s de un cuarto de siglo de historia, de la que han surgido m\u00e1s de 80 \u00e9xitos individuales. ASOL se enorgullece de contar entre sus graduados a m\u00e9dicos, profesores, abogados, etc. Queremos dar las gracias a todos los patrocinadores, donantes y a todos aquellos que han apoyado a ASOL a lo largo de su trayectoria. Al mismo tiempo, esperamos que muchas personas sigan entusiasm\u00e1ndose con este proyecto en el futuro y que se siga ofreciendo a los ni\u00f1os y j\u00f3venes guatemaltecos la oportunidad de una educaci\u00f3n de alta calidad y de un futuro.<\/p>\n<p>&nbsp;<\/p>\n<\/div>\n<\/div>\n<\/div>\n<\/div>\n<\/div>","protected":false},"excerpt":{"rendered":"Geschichte des Wohn- und Bildungsheims ASOL Der Beginn Das Wohn- und Bildungsheim ASOL [&hellip;]","protected":false},"author":2,"featured_media":0,"parent":1387,"menu_order":0,"comment_status":"closed","ping_status":"closed","template":"","meta":{"footnotes":""},"class_list":["post-1397","page","type-page","status-publish","hentry"],"_links":{"self":[{"href":"https:\/\/asol.serendipity.at\/es\/wp-json\/wp\/v2\/pages\/1397","targetHints":{"allow":["GET"]}}],"collection":[{"href":"https:\/\/asol.serendipity.at\/es\/wp-json\/wp\/v2\/pages"}],"about":[{"href":"https:\/\/asol.serendipity.at\/es\/wp-json\/wp\/v2\/types\/page"}],"author":[{"embeddable":true,"href":"https:\/\/asol.serendipity.at\/es\/wp-json\/wp\/v2\/users\/2"}],"replies":[{"embeddable":true,"href":"https:\/\/asol.serendipity.at\/es\/wp-json\/wp\/v2\/comments?post=1397"}],"version-history":[{"count":39,"href":"https:\/\/asol.serendipity.at\/es\/wp-json\/wp\/v2\/pages\/1397\/revisions"}],"predecessor-version":[{"id":2051,"href":"https:\/\/asol.serendipity.at\/es\/wp-json\/wp\/v2\/pages\/1397\/revisions\/2051"}],"up":[{"embeddable":true,"href":"https:\/\/asol.serendipity.at\/es\/wp-json\/wp\/v2\/pages\/1387"}],"wp:attachment":[{"href":"https:\/\/asol.serendipity.at\/es\/wp-json\/wp\/v2\/media?parent=1397"}],"curies":[{"name":"wp","href":"https:\/\/api.w.org\/{rel}","templated":true}]}}